{"id":15198,"date":"2026-01-06T12:13:58","date_gmt":"2026-01-06T12:13:58","guid":{"rendered":"https:\/\/most-amazing-places.com\/personal-data-application-form\/"},"modified":"2026-01-06T12:37:31","modified_gmt":"2026-01-06T12:37:31","slug":"personal-data-application-form","status":"publish","type":"page","link":"https:\/\/most-amazing-places.com\/tr\/personal-data-application-form\/","title":{"rendered":"Personal Data Application Form TR"},"content":{"rendered":"\t\t<div data-elementor-type=\"wp-page\" data-elementor-id=\"15198\" class=\"elementor elementor-15198 elementor-15184\">\n\t\t\t\t<div class=\"elementor-element elementor-element-7955bf6 e-flex e-con-boxed e-con e-parent\" data-id=\"7955bf6\" data-element_type=\"container\" data-e-type=\"container\">\n\t\t\t\t\t<div class=\"e-con-inner\">\n\t\t\t\t<div class=\"elementor-element elementor-element-4c853af elementor-widget elementor-widget-text-editor\" data-id=\"4c853af\" data-element_type=\"widget\" data-e-type=\"widget\" data-widget_type=\"text-editor.default\">\n\t\t\t\t<div class=\"elementor-widget-container\">\n\t\t\t\t\t\t\t\t\t<h1 style=\"text-align: center;\"><b>MOST AMAZING PLACES TANITIM VE T\u0130CARET ANON\u0130M \u015e\u0130RKET\u0130<\/b><\/h1><h2 style=\"text-align: center;\"><b>\u0130LG\u0130L\u0130 K\u0130\u015e\u0130 BA\u015eVURU FORMU<\/b><\/h2><p><span class=\"Apple-converted-space\">\u00a0<\/span><b>1. BA\u015eVURU Y\u00d6NTEM\u0130<span class=\"Apple-converted-space\">\u00a0<\/span><\/b><\/p><p>6698 Say\u0131l\u0131 Ki\u015fisel Verilerin Korunmas\u0131 Kanunu\u2019nda (<b>\u201cKVKK\u201d<\/b>) ilgili ki\u015fi olarak tan\u0131mlanan ilgili ki\u015filere (\u201cBundan sonra \u201cBa\u015fvuru Sahibi\u201d olarak an\u0131lacakt\u0131r), KVKK\u2019n\u0131n 11\u2019inci maddesinde ilgili ki\u015finin haklar\u0131 say\u0131lm\u0131\u015ft\u0131r. Buna g\u00f6re;<\/p><p>Herkes, veri sorumlusuna ba\u015fvurarak kendisiyle ilgili;<\/p><p>a) Ki\u015fisel veri i\u015flenip i\u015flenmedi\u011fini \u00f6\u011frenme,<\/p><p>b) Ki\u015fisel verileri i\u015flenmi\u015fse buna ili\u015fkin bilgi talep etme,<\/p><p>c) Ki\u015fisel verilerin i\u015flenme amac\u0131n\u0131 ve bunlar\u0131n amac\u0131na uygun kullan\u0131l\u0131p kullan\u0131lmad\u0131\u011f\u0131n\u0131\u00a0\u00f6\u011frenme,<\/p><p>\u00e7) Yurt i\u00e7inde veya yurt d\u0131\u015f\u0131nda ki\u015fisel verilerin aktar\u0131ld\u0131\u011f\u0131 \u00fc\u00e7\u00fcnc\u00fc ki\u015fileri bilme,<\/p><p>d) Ki\u015fisel verilerin eksik veya yanl\u0131\u015f i\u015flenmi\u015f olmas\u0131 h\u00e2linde bunlar\u0131n d\u00fczeltilmesini isteme,<\/p><p>e) 7 nci maddede \u00f6ng\u00f6r\u00fclen \u015fartlar \u00e7er\u00e7evesinde ki\u015fisel verilerin silinmesini veya yok edilmesini isteme,<\/p><p>f) (d) ve (e) bentleri uyar\u0131nca yap\u0131lan i\u015flemlerin, ki\u015fisel verilerin aktar\u0131ld\u0131\u011f\u0131 \u00fc\u00e7\u00fcnc\u00fc ki\u015filere bildirilmesini isteme,<\/p><p>g) \u0130\u015flenen verilerin m\u00fcnhas\u0131ran otomatik sistemler vas\u0131tas\u0131yla analiz edilmesi suretiyle ki\u015finin kendisi aleyhine bir sonucun ortaya \u00e7\u0131kmas\u0131na itiraz etme,<\/p><p>\u011f) Ki\u015fisel verilerin kanuna ayk\u0131r\u0131 olarak i\u015flenmesi sebebiyle zarara u\u011framas\u0131 h\u00e2linde zarar\u0131n giderilmesini talep etme,<\/p><p>haklar\u0131na sahiptir.<\/p><p>KVKK\u2019n\u0131n 13\u2019\u00fcnc\u00fc maddesinin birinci f\u0131kras\u0131 uyar\u0131nca; veri sorumlusu olan \u015eirketimize bu haklara ili\u015fkin olarak yap\u0131lacak ba\u015fvurular\u0131n yaz\u0131l\u0131 olarak veya Ki\u015fisel Verilerin Korunmas\u0131 Kurulu (\u201cKurul\u201d) taraf\u0131ndan belirlenen di\u011fer y\u00f6ntemlerle taraf\u0131m\u0131za iletilmesi gerekmektedir.<span class=\"Apple-converted-space\">\u00a0<\/span><\/p><p>Bu \u00e7er\u00e7evede yaz\u0131l\u0131 olarak \u015eirketimize yap\u0131lacak ba\u015fvurular, i\u015fbu formun \u00e7\u0131kt\u0131s\u0131 al\u0131narak;<span class=\"Apple-converted-space\">\u00a0<\/span><\/p><p>-Ba\u015fvuru Sahibi\u2019nin \u015fahsen ba\u015fvurusu ile,<span class=\"Apple-converted-space\">\u00a0<\/span><\/p><p>-Noter vas\u0131tas\u0131yla,<span class=\"Apple-converted-space\">\u00a0<\/span><\/p><p>-Ba\u015fvuru Sahibi\u2019nce 5070 Say\u0131l\u0131 Elektronik \u0130mza Kanunu\u2019nda tan\u0131ml\u0131 olan \u201cg\u00fcvenli elektronik imza\u201d ile imzalanarak \u015eirket kay\u0131tl\u0131 elektronik posta adresine g\u00f6nderilmek suretiyle,<span class=\"Apple-converted-space\">\u00a0<\/span><\/p><p>-Ba\u015fvuru formu doldurulup mobil imza ya da ilgili ki\u015fi taraf\u0131ndan veri sorumlusuna daha \u00f6nce bildirilen ve veri sorumlusunun sisteminde kay\u0131tl\u0131 bulunan elektronik posta adresini kullanarak kvkk.map@most-amazing-places.com adresine elektronik posta ile g\u00f6nderilmesi suretiyle, taraf\u0131m\u0131za iletilebilecektir. A\u015fa\u011f\u0131da, yaz\u0131l\u0131 ba\u015fvurular\u0131n ne \u015fekilde taraf\u0131m\u0131za ula\u015ft\u0131r\u0131laca\u011f\u0131na ili\u015fkin yaz\u0131l\u0131 ba\u015fvuru kanallar\u0131 \u00f6zelinde bilgiler verilmektedir.<\/p><table cellspacing=\"0\" cellpadding=\"0\"><tbody><tr><td valign=\"top\">\u00a0<\/td><td valign=\"top\"><p><b>BA\u015eVURU Y\u00d6NTEM\u0130<\/b><b><\/b><\/p><\/td><td valign=\"top\"><p><b>BA\u015eVURUNUN \u0130LET\u0130LECE\u011e\u0130<\/b><\/p><p><b><span class=\"Apple-converted-space\">\u00a0<\/span>ADRES<\/b><b><\/b><\/p><\/td><td valign=\"top\"><p><b>BA\u015eVURU KONUSU B\u0130LG\u0130S\u0130<\/b><b><\/b><\/p><\/td><\/tr><tr><td valign=\"top\"><p><b>1.<\/b><\/p><\/td><td valign=\"top\"><p><b>\u015eahsen Ba\u015fvuru (Ba\u015fvuru sahibinin bizatihi gelerek kimli\u011fini tevsik etmesi ile ba\u015fvurulmas\u0131)<\/b><b><\/b><\/p><\/td><td valign=\"top\"><p>G\u00fcm\u00fc\u015fsuyu Mah. \u0130n\u00f6n\u00fc Cad. Melek Apt. No: 11\/2 Beyo\u011flu\/\u0130STANBUL<span class=\"Apple-converted-space\">\u00a0<\/span><\/p><\/td><td valign=\"top\"><p>Zarf\u0131n\/tebligat\u0131n \u00fczerine \u201cKi\u015fisel Verilerin Korunmas\u0131 Kanunu Kapsam\u0131nda Bilgi Talebi\u201d yaz\u0131lacakt\u0131r.<\/p><\/td><\/tr><tr><td valign=\"top\"><p><b>2.<\/b><\/p><\/td><td valign=\"top\"><p><b>Noter Yoluyla Ba\u015fvuru<\/b><b><\/b><\/p><\/td><td valign=\"top\"><p>G\u00fcm\u00fc\u015fsuyu Mah. \u0130n\u00f6n\u00fc Cad. Melek Apt. No: 11\/2 Beyo\u011flu\/\u0130STANBUL<span class=\"Apple-converted-space\">\u00a0<\/span><\/p><\/td><td valign=\"top\"><p>Tebligat zarf\u0131na \u201cKi\u015fisel Verilerin Korunmas\u0131 Kanunu Kapsam\u0131nda Bilgi Talebi\u201d yaz\u0131lacakt\u0131r.<\/p><\/td><\/tr><tr><td valign=\"top\"><p><b><span class=\"Apple-converted-space\">\u00a0<\/span>3.<span class=\"Apple-converted-space\">\u00a0<\/span><\/b><b><\/b><\/p><\/td><td valign=\"top\"><p><b>G\u00fcvenli Elektronik \u0130mza \u0130le Ba\u015fvuru (G\u00fcvenli elektronik imza ile imzalanarak Kay\u0131tl\u0131 Elektronik Posta (KEP) yoluyla ba\u015fvurmas\u0131)<\/b><b><\/b><\/p><\/td><td valign=\"top\"><p>mostamazing@hs01.kep.tr<\/p><\/td><td valign=\"top\"><p>Kay\u0131tl\u0131 Elektronik Posta iletisinin konu k\u0131sm\u0131na\u201cKi\u015fisel Verilerin Korunmas\u0131 Kanunu Bilgi Talebi\u201d yaz\u0131lacakt\u0131r.<\/p><\/td><\/tr><tr><td valign=\"top\"><p><b><span class=\"Apple-converted-space\">\u00a0 <\/span>4.<span class=\"Apple-converted-space\">\u00a0<\/span><\/b><b><\/b><\/p><\/td><td valign=\"top\"><p><b>Mobil \u0130mza ya da E-posta \u0130le Ba\u015fvuru (\u0130lgili ki\u015fi taraf\u0131ndan veri sorumlusuna daha \u00f6nce bildirilen ve veri sorumlusunun sisteminde kay\u0131tl\u0131 bulunan elektronik posta adresini kullanmak suretiyle)<\/b><b><\/b><\/p><\/td><td valign=\"top\"><p>kvkk.map@most-amazing-places.com<\/p><\/td><td valign=\"top\"><p>E-posta\u2019n\u0131n konu k\u0131sm\u0131na \u201cKi\u015fisel Verilerin Korunmas\u0131 Kanunu Bilgi Talebi\u201d yaz\u0131lacakt\u0131r.<span class=\"Apple-converted-space\">\u00a0<\/span><\/p><\/td><\/tr><\/tbody><\/table><p>Kurul\u2019un belirleyece\u011fi di\u011fer y\u00f6ntemler, duyurulmas\u0131na m\u00fcteakip \u015firketimizce duyurulacakt\u0131r.<span class=\"Apple-converted-space\">\u00a0<\/span><\/p><p>Taraf\u0131m\u0131za yukar\u0131da aktar\u0131ld\u0131\u011f\u0131 \u00fczere iletilmi\u015f olan ba\u015fvurular\u0131n\u0131z KVKK\u2019n\u0131n 13\u2019\u00fcnc\u00fc maddesinin 2\u2019inci f\u0131kras\u0131 gere\u011fince, \u015eirketimize ula\u015ft\u0131\u011f\u0131 tarihten itibaren otuz g\u00fcn i\u00e7inde cevapland\u0131r\u0131lacakt\u0131r. Cevaplar\u0131m\u0131z KVKK\u2019n\u0131n 13\u2019\u00fcnc\u00fc maddesi h\u00fckm\u00fc gere\u011fince yaz\u0131l\u0131 veya elektronik ortamdan taraf\u0131n\u0131za ula\u015ft\u0131r\u0131lacakt\u0131r.<\/p><p><b>2.<\/b> <b>BA\u015eVURU SAH\u0130B\u0130NE \u0130L\u0130\u015eK\u0130N B\u0130LG\u0130LER<\/b><\/p><p>KVKK kapsam\u0131nda \u00e7\u0131kar\u0131lan Ba\u015fvuru Usul ve Esaslar\u0131 Hakk\u0131nda Tebli\u011f gere\u011fince a\u015fa\u011f\u0131da talep edilen bilgi ve belgeleri eksiksiz ve do\u011fru \u015fekilde tamamlaman\u0131z gerekmektedir.<span class=\"Apple-converted-space\">\u00a0<\/span><\/p><table cellspacing=\"0\" cellpadding=\"0\"><tbody><tr><td valign=\"top\"><p><b>Ad\u0131- Soyad\u0131<\/b><\/p><\/td><td valign=\"top\"><p><b>:<\/b><b><\/b><\/p><\/td><td valign=\"top\">\u00a0<\/td><\/tr><tr><td valign=\"top\"><p><b>T.C. Kimlik Numaras\u0131 (Yabanc\u0131lar i\u00e7in pasaport numaras\u0131 veya varsa kimlik numaras\u0131)<\/b><b><\/b><\/p><\/td><td valign=\"top\"><p><b>:<\/b><b><\/b><\/p><\/td><td valign=\"top\">\u00a0<\/td><\/tr><tr><td valign=\"top\"><p><b>Tebligata Esas Yerle\u015fim Yeri veya \u0130\u015f Yeri Adresi<\/b><b><\/b><\/p><\/td><td valign=\"top\"><p><b>:<\/b><b><\/b><\/p><\/td><td valign=\"top\">\u00a0<\/td><\/tr><tr><td valign=\"top\"><p><b>Elektronik Posta Adresi<\/b><b><\/b><\/p><\/td><td valign=\"top\"><p><b>:<\/b><\/p><\/td><td valign=\"top\">\u00a0<\/td><\/tr><tr><td valign=\"top\"><p><b>Telefon Numaras\u0131 (Sabit\/GSM)<\/b><b><\/b><\/p><\/td><td valign=\"top\"><p><b>:<\/b><\/p><\/td><td valign=\"top\">\u00a0<\/td><\/tr><\/tbody><\/table><p><b>3. \u015e\u0130RKET\u0130M\u0130Z \u0130LE \u0130L\u0130\u015eK\u0130N\u0130Z\u0130 BEL\u0130RT\u0130N\u0130Z<\/b><\/p><table cellspacing=\"0\" cellpadding=\"0\"><tbody><tr><td colspan=\"12\" valign=\"middle\"><p><b>L\u00fctfen \u015firketimiz ile aran\u0131zdaki ili\u015fkiyi belirten en uygun se\u00e7ene\u011fi i\u015faretleyiniz.<\/b><b><\/b><\/p><\/td><\/tr><tr><td colspan=\"2\" valign=\"middle\"><p><b>M\u00fc\u015fteri<\/b><b><\/b><\/p><\/td><td valign=\"middle\">\u00a0<\/td><td colspan=\"4\" valign=\"middle\"><p><b>\u0130\u015f Orta\u011f\u0131 \/ Tedarik\u00e7i<\/b><b><\/b><\/p><\/td><td colspan=\"2\" valign=\"middle\">\u00a0<\/td><td valign=\"middle\"><p><b>Potansiyel M\u00fc\u015fteri<\/b><b><\/b><\/p><\/td><td colspan=\"2\" valign=\"middle\">\u00a0<\/td><\/tr><tr><td colspan=\"2\" valign=\"middle\"><p><b>Ziyaret\u00e7i<\/b><b><\/b><\/p><\/td><td valign=\"middle\">\u00a0<\/td><td colspan=\"4\" valign=\"middle\"><p><b>\u00c7al\u0131\u015fan<\/b><b><\/b><\/p><\/td><td colspan=\"2\" valign=\"middle\">\u00a0<\/td><td valign=\"middle\"><p><b>\u00c7al\u0131\u015fan Aday\u0131<\/b><b><\/b><\/p><\/td><td colspan=\"2\" valign=\"middle\">\u00a0<\/td><\/tr><tr><td colspan=\"2\" valign=\"middle\"><p><b>Di\u011fer<\/b><b><\/b><\/p><\/td><td valign=\"middle\">\u00a0<\/td><td colspan=\"9\" valign=\"middle\">\u00a0<\/td><\/tr><tr><td colspan=\"12\" valign=\"top\"><p>\u015eirketimiz ile ili\u015fkiniz devam ediyor mu?<\/p><\/td><\/tr><tr><td valign=\"top\"><p>Evet<\/p><\/td><td colspan=\"3\" valign=\"top\">\u00a0<\/td><td valign=\"top\">\u00a0<\/td><td valign=\"top\">\u00a0<\/td><td colspan=\"2\" valign=\"top\"><p>Hay\u0131r<\/p><\/td><td colspan=\"3\" valign=\"top\">\u00a0<\/td><td valign=\"top\">\u00a0<\/td><\/tr><tr><td colspan=\"6\" valign=\"top\"><p>\u015eirketimiz ile ili\u015fkiniz sona ermi\u015f ise ili\u015fkinin devam etti\u011fi tarih aral\u0131\u011f\u0131<\/p><\/td><td colspan=\"6\" valign=\"top\">\u00a0<\/td><\/tr><tr><td colspan=\"6\" valign=\"top\"><p>\u015eirket ile olan ili\u015fkiniz kapsam\u0131nda irtibat halinde oldu\u011funuz ki\u015fi, birim\/departman<span class=\"Apple-converted-space\">\u00a0<\/span><\/p><\/td><td colspan=\"6\" valign=\"top\">\u00a0<\/td><\/tr><tr><td colspan=\"6\" valign=\"top\"><p>\u015eirket ile ileti\u015fim kurdu\u011funuz tarih (g\u00fcn\/ay\/y\u0131l veya bir zaman aral\u0131\u011f\u0131 )<\/p><\/td><td colspan=\"6\" valign=\"top\">\u00a0<\/td><\/tr><tr><td colspan=\"6\" valign=\"top\"><p>Kulland\u0131\u011f\u0131n\u0131z ileti\u015fim kanal\u0131 (e-posta, m\u00fc\u015fteri hizmetleri, \u015firket genel merkezi ziyareti vb.)<\/p><\/td><td colspan=\"6\" valign=\"top\">\u00a0<\/td><\/tr><\/tbody><\/table><p><b>4. TALEP KONUSU<span class=\"Apple-converted-space\">\u00a0<\/span><\/b><b><\/b><\/p><p>Ki\u015fisel verilerinize ili\u015fkin talebinizi a\u015fa\u011f\u0131daki forma a\u00e7\u0131k\u00e7a yazman\u0131z ve konuya ili\u015fkin a\u00e7\u0131klama ve \u00f6nerileriniz ile birlikte ilgili bilgi ve belgeleri ba\u015fvuruya eklenmeniz gereklidir.<span class=\"Apple-converted-space\">\u00a0<\/span><\/p><table cellspacing=\"0\" cellpadding=\"0\"><tbody><tr><td valign=\"top\">\u00a0<\/td><td valign=\"top\"><p>Talep Konusu<span class=\"Apple-converted-space\">\u00a0<\/span><\/p><\/td><td valign=\"top\"><p>A\u00e7\u0131klama, \u00d6neri, Bilgi ve Belgeler<\/p><\/td><\/tr><tr><td valign=\"top\"><p>1.<\/p><\/td><td valign=\"top\">\u00a0<\/td><td valign=\"top\">\u00a0<\/td><\/tr><tr><td valign=\"top\"><p>2.<\/p><\/td><td valign=\"top\">\u00a0<\/td><td valign=\"top\">\u00a0<\/td><\/tr><\/tbody><\/table><p><b>5. BA\u015eVURUNUN SONU\u00c7LANDIRILMASI<\/b><\/p><p>\u015eirketimiz ilgili mevzuat uyar\u0131nca talebinizin niteli\u011fine g\u00f6re en ge\u00e7 otuz (30) g\u00fcn i\u00e7erisinde taraf\u0131n\u0131za d\u00f6n\u00fc\u015f sa\u011flayacakt\u0131r. \u0130lgili mevzuat uyar\u0131nca ba\u015fvuru sonucunun yaz\u0131l\u0131 olarak bildirilmesini talep etmeniz halinde 10 sayfadan az olan bildirimlerde \u00fccret al\u0131nmaz. 10 sayfadan fazla olan bildirimlerde sayfa ba\u015f\u0131na 1 T\u00fcrk Liras\u0131 al\u0131nacakt\u0131r. Ba\u015fvuru sonucunun CD, Flash Bellek gibi bir kay\u0131t ortam\u0131nda verilmesini talep etmeniz halinde, kullan\u0131lan kay\u0131t ortam\u0131n\u0131n maliyetini ge\u00e7memek \u015fart\u0131yla taraf\u0131n\u0131zdan \u00fccret talep edilebilir. Bu form kapsam\u0131nda iletti\u011finiz bilgi ve taleplerin g\u00fcncel ve do\u011fru olmamas\u0131 ya da yetkisiz ba\u015fvuru yap\u0131lmas\u0131 halinde mesuliyet taraf\u0131n\u0131za ait bulunacakt\u0131r.<\/p><p>L\u00fctfen ba\u015fvurunuza verece\u011fimiz yan\u0131t\u0131n taraf\u0131n\u0131za bildirilme y\u00f6ntemini se\u00e7ip yandaki bo\u015f alana gerekli bilgileri giriniz.<\/p><table cellspacing=\"0\" cellpadding=\"0\"><tbody><tr><td valign=\"top\"><p>Ba\u015fvuru Sonucu Bildirim Y\u00f6ntemi<\/p><\/td><td valign=\"top\"><p>Se\u00e7im<\/p><\/td><td valign=\"top\"><p>Gerekli Bilgiler<\/p><\/td><\/tr><tr><td valign=\"top\"><p>Adresime g\u00f6nderilmesini istiyorum.<\/p><\/td><td valign=\"top\">\u00a0<\/td><td valign=\"top\"><p>Adresim:<\/p><\/td><\/tr><tr><td valign=\"top\"><p>E-posta adresime g\u00f6nderilmesini istiyorum.<\/p><p>(Bu y\u00f6ntemde yan\u0131t daha h\u0131zl\u0131 olabilir)<\/p><\/td><td valign=\"top\">\u00a0<\/td><td valign=\"top\"><p>E-Posta adresim:<\/p><p><span class=\"Apple-converted-space\">\u00a0<\/span><\/p><\/td><\/tr><tr><td valign=\"top\"><p>Elden teslim almak istiyorum.<span class=\"Apple-converted-space\">\u00a0<\/span><\/p><\/td><td valign=\"top\">\u00a0<\/td><td valign=\"top\"><p>Vek\u00e2leten teslim al\u0131nmas\u0131 durumunda noter tasdikli vek\u00e2letname veya yetki belgesi olmas\u0131 gereklidir.<\/p><\/td><\/tr><\/tbody><\/table><p>\u0130\u015fbu ba\u015fvuruda taraf\u0131n\u0131za sa\u011flam\u0131\u015f oldu\u011fum bilgi ve belgelerimin do\u011fru ve g\u00fcncel oldu\u011funu, \u015eirketinizin ba\u015fvurumu sonu\u00e7land\u0131rabilmek ad\u0131na ilave bilgi talep edebilece\u011fini ve ayr\u0131ca bir maliyet gerektirmesi halinde Ki\u015fisel Verileri Koruma Kurulu taraf\u0131ndan belirlenen \u00fccreti \u00f6demem gerekebilece\u011fi hususunda ayd\u0131nlat\u0131ld\u0131\u011f\u0131m\u0131 beyan ve taahh\u00fct ederim.<\/p><p>\u015eirketinize yapm\u0131\u015f oldu\u011fum ba\u015fvurunun KVKK\u2019nun 13. Maddesi uyar\u0131nca taleplerim do\u011frultusunda de\u011ferlendirilerek sonu\u00e7land\u0131r\u0131lmas\u0131n\u0131 rica ederim.<\/p><p><b>Ba\u015fvuruda Bulunan \u0130lgili Ki\u015fi ya da Temsilcisi<\/b><\/p><p><b>Ad\u0131 Soyad\u0131 :<span class=\"Apple-converted-space\">\u00a0<\/span><\/b><b><\/b><\/p><p><b>Tarih :<span class=\"Apple-converted-space\">\u00a0<\/span><\/b><b><\/b><\/p><p><b>\u0130mza :<\/b><b><\/b><\/p>\t\t\t\t\t\t\t\t<\/div>\n\t\t\t\t<\/div>\n\t\t\t\t\t<\/div>\n\t\t\t\t<\/div>\n\t\t\t\t<\/div>\n\t\t","protected":false},"excerpt":{"rendered":"<p>MOST AMAZING PLACES TANITIM VE T\u0130CARET ANON\u0130M \u015e\u0130RKET\u0130 \u0130LG\u0130L\u0130 K\u0130\u015e\u0130 BA\u015eVURU FORMU \u00a01. BA\u015eVURU Y\u00d6NTEM\u0130\u00a0 6698 Say\u0131l\u0131 Ki\u015fisel Verilerin Korunmas\u0131 Kanunu\u2019nda (\u201cKVKK\u201d) ilgili ki\u015fi olarak tan\u0131mlanan ilgili ki\u015filere (\u201cBundan sonra \u201cBa\u015fvuru Sahibi\u201d olarak an\u0131lacakt\u0131r), KVKK\u2019n\u0131n 11\u2019inci maddesinde ilgili ki\u015finin haklar\u0131 say\u0131lm\u0131\u015ft\u0131r. Buna g\u00f6re; Herkes, veri sorumlusuna ba\u015fvurarak kendisiyle ilgili; a) Ki\u015fisel veri i\u015flenip i\u015flenmedi\u011fini \u00f6\u011frenme, [&hellip;]<\/p>\n","protected":false},"author":1,"featured_media":0,"parent":0,"menu_order":0,"comment_status":"closed","ping_status":"closed","template":"elementor_canvas","meta":{"footnotes":""},"categories":[],"tags":[],"class_list":["post-15198","page","type-page","status-publish","hentry"],"_links":{"self":[{"href":"https:\/\/most-amazing-places.com\/tr\/wp-json\/wp\/v2\/pages\/15198","targetHints":{"allow":["GET"]}}],"collection":[{"href":"https:\/\/most-amazing-places.com\/tr\/wp-json\/wp\/v2\/pages"}],"about":[{"href":"https:\/\/most-amazing-places.com\/tr\/wp-json\/wp\/v2\/types\/page"}],"author":[{"embeddable":true,"href":"https:\/\/most-amazing-places.com\/tr\/wp-json\/wp\/v2\/users\/1"}],"replies":[{"embeddable":true,"href":"https:\/\/most-amazing-places.com\/tr\/wp-json\/wp\/v2\/comments?post=15198"}],"version-history":[{"count":4,"href":"https:\/\/most-amazing-places.com\/tr\/wp-json\/wp\/v2\/pages\/15198\/revisions"}],"predecessor-version":[{"id":15202,"href":"https:\/\/most-amazing-places.com\/tr\/wp-json\/wp\/v2\/pages\/15198\/revisions\/15202"}],"wp:attachment":[{"href":"https:\/\/most-amazing-places.com\/tr\/wp-json\/wp\/v2\/media?parent=15198"}],"wp:term":[{"taxonomy":"category","embeddable":true,"href":"https:\/\/most-amazing-places.com\/tr\/wp-json\/wp\/v2\/categories?post=15198"},{"taxonomy":"post_tag","embeddable":true,"href":"https:\/\/most-amazing-places.com\/tr\/wp-json\/wp\/v2\/tags?post=15198"}],"curies":[{"name":"wp","href":"https:\/\/api.w.org\/{rel}","templated":true}]}}