{"id":3303,"date":"2024-09-17T08:05:38","date_gmt":"2024-09-17T08:05:38","guid":{"rendered":"https:\/\/most-amazing-places.com\/?page_id=3303"},"modified":"2026-01-06T12:17:33","modified_gmt":"2026-01-06T12:17:33","slug":"musteri-kisisel-veri-aydinlatma-metni","status":"publish","type":"page","link":"https:\/\/most-amazing-places.com\/tr\/musteri-kisisel-veri-aydinlatma-metni\/","title":{"rendered":"Customer Personal Data Clarification Text TR"},"content":{"rendered":"\t\t<div data-elementor-type=\"wp-page\" data-elementor-id=\"3303\" class=\"elementor elementor-3303\">\n\t\t\t\t<div class=\"elementor-element elementor-element-7955bf6 e-flex e-con-boxed e-con e-parent\" data-id=\"7955bf6\" data-element_type=\"container\" data-e-type=\"container\">\n\t\t\t\t\t<div class=\"e-con-inner\">\n\t\t\t\t<div class=\"elementor-element elementor-element-4c853af elementor-widget elementor-widget-text-editor\" data-id=\"4c853af\" data-element_type=\"widget\" data-e-type=\"widget\" data-widget_type=\"text-editor.default\">\n\t\t\t\t<div class=\"elementor-widget-container\">\n\t\t\t\t\t\t\t\t\t<h1 style=\"text-align: center;\"><b>MOST AMAZING PLACES TANITIM VE T\u0130CARET ANON\u0130M \u015e\u0130RKET\u0130<\/b><\/h1><h2 style=\"text-align: center;\"><b>M\u00dc\u015eTER\u0130 K\u0130\u015e\u0130SEL VER\u0130 AYDINLATMA METN\u0130<\/b><\/h2><p>Bu ayd\u0131nlatma metni, 6698 say\u0131l\u0131 Ki\u015fisel Verilerin Korunmas\u0131 Kanunu (\u201cKVKK\u201d)\u2019nun 10. Maddesi ve ilgili di\u011fer mevzuat h\u00fck\u00fcmleri gere\u011fince; veri sorumlusu s\u0131fat\u0131yla MOST AMAZING PLACES TANITIM VE T\u0130CARET ANON\u0130M \u015e\u0130RKET\u0130 (\u201c\u015eirket\u201d) taraf\u0131ndan haz\u0131rlanm\u0131\u015ft\u0131r. \u015eirketimizin faaliyetleri kapsam\u0131nda, m\u00fc\u015fteri s\u0131fat\u0131n\u0131za dair toplanmas\u0131 gerekli bulunan ki\u015fisel verileriniz taraf\u0131m\u0131zca ilgili mevzuat h\u00fck\u00fcmleri ve a\u015fa\u011f\u0131da a\u00e7\u0131klanan esaslar gere\u011fince toplanmakta ve i\u015flenmektedir.<\/p><p><b>1. \u0130\u015eLENEN K\u0130\u015e\u0130SEL VER\u0130LER\u0130N\u0130Z VE \u0130\u015eLEME \u015eARTLARI<\/b><\/p><p>\u015eirketimizce i\u015flenen ki\u015fisel verileriniz; Ad-soyad, T.C. kimlik numaras\u0131, pasaport bilgileri, pasaport fotokopisinde bulunan resim, konaklama adresi, e-posta adresi, telefon numaras\u0131, banka-kredi kart\u0131 bilgileri, \u00f6deme dekontu ve slip i\u00e7erikleri, fatura, \u00e7a\u011fr\u0131 merkezi ses kayd\u0131, i\u015fyerlerimize ve eklentilerine giri\u015fte ve buralarda kal\u0131\u015f s\u0131ras\u0131nda al\u0131nan g\u00fcvenlik kameras\u0131 g\u00f6r\u00fcnt\u00fc kay\u0131tlar\u0131 ve internet sitesi IP ve \u00e7erez bilgileridir. \u015eirketimizce \u00f6zel nitelikli hi\u00e7bir ki\u015fisel veriniz i\u015flenmemektedir<\/p><p>Ki\u015fisel verilerinizden taraf\u0131n\u0131za \u00f6zel pazarlama, analiz ve elektronik ileti g\u00f6nderme onay\u0131 alma i\u015flemleri i\u00e7in toplanan verileriniz KVKK\u2019nun 5\/1. maddesinde belirtilen ayd\u0131nlat\u0131lm\u0131\u015f \u015fekilde verilmi\u015f bulunan a\u00e7\u0131k r\u0131za beyan\u0131n\u0131za dayal\u0131 olarak i\u015flenmektedir.<\/p><p>\u015eirketimize ait i\u015fyerlerine giri\u015fte ve buralarda kal\u0131\u015f s\u0131ras\u0131nda al\u0131nan g\u00fcvenlik kameras\u0131 g\u00f6r\u00fcnt\u00fc kay\u0131tlar\u0131n\u0131za dair verileriniz KVKK\u2019nun 5\/2-f maddesindeki \u015eirketimizin me\u015fru menfaatleri i\u00e7in veri i\u015flenmesinin zorunlu olmas\u0131 sebebiyle i\u015flenmektedir.<span class=\"Apple-converted-space\">\u00a0<\/span><\/p><p>Di\u011fer ki\u015fisel verileriniz ise \u015eirketimizce KVKK\u2019nun 5\/2. maddesinde belirtilen ve a\u015fa\u011f\u0131da g\u00f6sterilen hukuki sebeplere dayal\u0131 olarak i\u015flenmektedir. Bu kapsamdaki ki\u015fisel verileriniz;<span class=\"Apple-converted-space\">\u00a0<\/span><\/p><ul><li>\u015eirketimiz ile taraf\u0131 oldu\u011funuz ticari s\u00f6zle\u015fmenin kurulmas\u0131 veya ifas\u0131yla do\u011frudan ilgili olmas\u0131 kayd\u0131yla, s\u00f6zle\u015fmenin di\u011fer taraf\u0131 s\u0131fat\u0131yla ki\u015fisel verilerinizin i\u015flenmesinin gerekli olmas\u0131,<span class=\"Apple-converted-space\">\u00a0<\/span><\/li><li>Kanunlarda a\u00e7\u0131k\u00e7a \u00f6ng\u00f6r\u00fclmesi veya \u015eirketimizin hukuki y\u00fck\u00fcml\u00fcl\u00fcklerinin yerine getirebilmesi i\u00e7in zorunlu olmas\u0131,<\/li><li>\u015eirketimize ait bir hakk\u0131n tesisi, kullan\u0131lmas\u0131, korunmas\u0131 i\u00e7in veri i\u015flemenin zorunlu olmas\u0131,<\/li><li>Taraf\u0131n\u0131z\u0131n temel hak ve \u00f6zg\u00fcrl\u00fcklerine zarar vermemek kayd\u0131yla, \u015eirketimizin me\u015fru menfaatleri i\u00e7in veri i\u015flenmesinin zorunlu olmas\u0131,<\/li><\/ul><p>Hukuki sebeplerine dayal\u0131 olarak toplanmakta ve i\u015flenmektedir.<span class=\"Apple-converted-space\">\u00a0<\/span><\/p><p><b>2. K\u0130\u015e\u0130SEL VER\u0130LER\u0130N\u0130Z\u0130N \u0130\u015eLENME AMACI VE USUL\u00dc<span class=\"Apple-converted-space\">\u00a0<\/span><\/b><\/p><p>Ki\u015fisel verileriniz \u015eirketimiz taraf\u0131ndan esas olarak yurti\u00e7i ve yurtd\u0131\u015f\u0131 ticari faaliyetlerimizin ger\u00e7ekle\u015ftirilmesi kapsam\u0131nda; s\u00f6zle\u015fme ve ifa s\u00fcre\u00e7lerinin y\u00fcr\u00fct\u00fclmesi; mal ve hizmet al\u0131m sat\u0131m ve pazarlama i\u015flemleri; sat\u0131\u015f sonras\u0131 ifa ve destek hizmetleri; finans ve muhasebe i\u015flemleri; bilgi ve fiziksel mek\u00e2n g\u00fcvenli\u011fini sa\u011flama; hukuki s\u00fcre\u00e7lerin ve mevzuat kaynakl\u0131 y\u00fck\u00fcml\u00fcl\u00fcklerin ifas\u0131; m\u00fc\u015fteri memnuniyetinin artt\u0131r\u0131lmas\u0131; \u015eirketimizce y\u00fcr\u00fct\u00fclen ticari arz\u0131n en iyi ko\u015fullarda verilebilmesi, ki\u015fiye \u00f6zel be\u011feni, ihtiya\u00e7 ve kullan\u0131m ama\u00e7lar\u0131n\u0131n tespitiyle bu ba\u011flamda taraf\u0131n\u0131za \u00f6zel mal ve hizmet sunumunun ger\u00e7ekle\u015ftirilebilmesi; kalite standartlar\u0131n\u0131n y\u00fckseltilmesi; faaliyet alan\u0131m\u0131zla ilgili pazar ara\u015ft\u0131rmalar\u0131, analiz, pazarlama, yeniden\/dijital pazarlama yap\u0131lmas\u0131 s\u00fcre\u00e7lerinin y\u00f6netimi; faaliyet alan\u0131m\u0131zdaki etkinlikler ile reklam, promosyon, teklif sunma ve memnuniyet ara\u015ft\u0131rmas\u0131 i\u00e7in genel veya taraf\u0131n\u0131za \u00f6zel e-posta, anl\u0131k mesaj, sesli arama iletilmesi; yasal ba\u015fvuru ve savunma haklar\u0131m\u0131z\u0131n temini ile talep ve \u015fik\u00e2yetlerin takibi amac\u0131yla, \u015eirketimiz ile kurdu\u011funuz ili\u015fkinin gayesi ile ba\u011flant\u0131l\u0131 \u015fekilde i\u015flenmektedir.<span class=\"Apple-converted-space\">\u00a0<\/span><\/p><p>\u015eirketimizce toplanan ki\u015fisel verileriniz a\u015fa\u011f\u0131da belirtilen KVKK\u2019nun 4. Maddesinde d\u00fczenlenen genel ilkelere uygun olarak i\u015flenmektedir. Bu kapsamda s\u00f6z konusu ki\u015fisel verileriniz;<\/p><p>a) Hukuka ve d\u00fcr\u00fcstl\u00fck kurallar\u0131na uygun,<\/p><p>b) Do\u011fru ve gerekti\u011finde g\u00fcncel,<\/p><p>c) Belirli, a\u00e7\u0131k ve me\u015fru ama\u00e7lar i\u00e7in,<\/p><p>d) \u0130\u015flendikleri ama\u00e7la ba\u011flant\u0131l\u0131, s\u0131n\u0131rl\u0131 ve \u00f6l\u00e7\u00fcl\u00fc,<span class=\"Apple-converted-space\">\u00a0<\/span><\/p><p>e) \u0130lgili mevzuatta \u00f6ng\u00f6r\u00fclen veya i\u015flenme amac\u0131 i\u00e7in gerekli s\u00fcre kadar saklanma kurallar\u0131na uygun \u015fekilde i\u015flenmektedir.<span class=\"Apple-converted-space\">\u00a0<\/span><\/p><p><b>3. K\u0130\u015e\u0130SEL VER\u0130LER\u0130N\u0130Z\u0130N \u0130\u015eLENME KAPSAMI, S\u00dcRES\u0130 VE G\u00dcVENL\u0130\u011e\u0130<\/b><\/p><p>Yukar\u0131da belirtilen \u015fekilde temin edilen ki\u015fisel verilerinizin \u015eirketimizce i\u015flenmesinin mahiyeti; ilgili departmanlar\u0131m\u0131z taraf\u0131ndan hem fiziksel hem de elektronik olarak kaydedilmesi, depolanmas\u0131, muhafaza edilmesi, yedeklenmesi, de\u011fi\u015ftirilmesi, yeniden d\u00fczenlenmesi\/g\u00fcncellenmesi, a\u00e7\u0131klanmas\u0131, devral\u0131nmas\u0131, elde edilebilir h\u00e2le getirilmesi, s\u0131n\u0131fland\u0131r\u0131lmas\u0131 ya da kullan\u0131lmas\u0131n\u0131n engellenmesi ve a\u015fa\u011f\u0131da belirtilen kapsamda i\u015f ili\u015fkisi i\u00e7inde oldu\u011fumuz \u00fc\u00e7\u00fcnc\u00fc ki\u015filere aktar\u0131lmas\u0131 ile s\u0131n\u0131rl\u0131d\u0131r.<\/p><p>\u015eirketimiz i\u015fledi\u011fi ki\u015fisel verileri mevzuat h\u00fck\u00fcmlerine uygun olarak teknolojik y\u00f6ntemler d\u00e2hilinde do\u011fru ve g\u00fcncel bi\u00e7imde ve bilgi g\u00fcvenli\u011fi standartlar\u0131 \u00e7er\u00e7evesinde gerekli t\u00fcm teknik ve idari tedbirleri alarak fiziki ortamda, veri taban\u0131nda ve sistemlerde KVKK\u2019nun 12. maddesi gere\u011fince gizli olarak muhafaza etmektedir. \u015eirketimiz s\u00f6z konusu ki\u015fisel verilerinizin i\u015flenmesini gerektiren sebeplerin ortadan kalkmas\u0131 veya ilgili mevzuatta ve \u015eirketimizin bu konuda d\u00fczenledi\u011fi Politika\u2019da belirlenen imha s\u00fcrelerinin dolmas\u0131 \u00fczerine veya ilgili mevzuat h\u00fck\u00fcmleri ve \u201cKi\u015fisel Veri Saklama ve \u0130mha Politikas\u0131\u201d metnimiz uyar\u0131nca kendili\u011finden veya ilgili ki\u015finin talebi \u00fczerine derhal silme, yok etme veya anonim h\u00e2le getirmek suretiyle imha etmektedir.<\/p><p><b>4. K\u0130\u015e\u0130SEL VER\u0130LER\u0130N\u0130Z\u0130N TOPLANMA Y\u00d6NTEM\u0130<\/b><\/p><p>Ki\u015fisel verileriniz, ofis ve turizm rehberli\u011fi hizmeti veren saha \u00e7al\u0131\u015fanlar\u0131m\u0131z taraf\u0131ndan fiziki ortamda s\u00f6zl\u00fc ve yaz\u0131l\u0131 kay\u0131t \u015feklinde, elektronik ortamda i\u015f orta\u011f\u0131m\u0131z veya tedarik\u00e7imiz olan turizm \u015firketlerine ait internet tabanl\u0131 bili\u015fim sistemlerinin taraf\u0131m\u0131za yapt\u0131\u011f\u0131 payla\u015f\u0131m veya verdi\u011fi g\u00f6r\u00fcnt\u00fcleme izni yoluyla, yine elektronik ortamda \u00e7a\u011fr\u0131 merkezi, telefon, faks, e-posta, internet sitesi (online rezervasyon formu, e-posta ileti\u015fim formlar\u0131 ile \u00e7erez ve benzeri teknolojiler yoluyla) ve anl\u0131k mesajla\u015fma ara\u00e7lar\u0131yla temas edilen kanal \u00fczerinden s\u00f6zl\u00fc, yaz\u0131l\u0131, i\u015fitsel ve g\u00f6rsel kay\u0131t \u015feklinde, \u015eirketimize ait hizmet birimlerinde ise g\u00fcvenlik kameralar\u0131na ili\u015fkin dijital g\u00f6r\u00fcnt\u00fc kayd\u0131 bi\u00e7iminde olmak \u00fczere tamamen veya k\u0131smen otomatik yollarla ya da veri kay\u0131t sisteminin par\u00e7as\u0131 olmak kayd\u0131yla otomatik olmayan y\u00f6ntemlerle toplanmaktad\u0131r.<\/p><p><b>5. \u0130\u015eLENEN K\u0130\u015e\u0130SEL VER\u0130LER\u0130N\u0130Z\u0130N K\u0130MLERE VE HANG\u0130 AMA\u00c7LA AKTARILAB\u0130LECE\u011e\u0130<\/b><\/p><p>\u015eirketimiz taraf\u0131ndan toplanan ki\u015fisel verileriniz, sadece ticari faaliyetimiz gere\u011fi olarak, \u015eirketimizin i\u015f strateji ve s\u00fcre\u00e7leri ile i\u00e7-d\u0131\u015f ticaret s\u00fcre\u00e7lerinin planlanmas\u0131 ve icras\u0131, s\u00f6zle\u015fmelerimizin kurulmas\u0131 ve ifas\u0131, s\u00f6zle\u015fme sonras\u0131 destek hizmetlerinin y\u00fcr\u00fct\u00fclmesi, verilerin g\u00fcvenli \u015fekilde yedeklenmesi\/saklanmas\u0131, \u00f6deme ve muhasebe i\u015flemlerinin yap\u0131lmas\u0131 ama\u00e7lar\u0131yla hissedarlar\u0131m\u0131za, \u015eirketin ilgili departmanlar\u0131na, grup \u015firketlerimize, i\u015f ortaklar\u0131m\u0131za, tedarik\u00e7ilerimize, hizmet sa\u011flay\u0131c\u0131lar\u0131m\u0131za, bunlar\u0131n yetkilileri veya \u00e7al\u0131\u015fanlar\u0131na, ilgili banka \u015fubelerine, kanunen yetkili kurum ve kurulu\u015flar ile \u00f6zel hukuk t\u00fczel ki\u015filerine KVKK\u2019nun 8 ve 9. Maddeleri ile ilgili di\u011fer mevzuatta belirtilen ki\u015fisel veri aktar\u0131lmas\u0131 \u015fartlar\u0131 ve ama\u00e7lar\u0131 \u00e7er\u00e7evesinde t\u00fcm d\u00fczenlemelere uygun bi\u00e7imde gerekti\u011finde yurti\u00e7i veya yurtd\u0131\u015f\u0131na aktar\u0131labilecektir.<span class=\"Apple-converted-space\">\u00a0<\/span><\/p><p>Bu kapsamda, Ki\u015fisel Verileri Koruma Kurulu\u2019nun 31.05.2019 Tarih ve 2019\/157 Say\u0131l\u0131 karar\u0131 do\u011frultusunda veri iletimi esnas\u0131nda yabanc\u0131 e-posta sunucusu ve benzeri sistemler kullan\u0131ld\u0131\u011f\u0131nda s\u00f6z konusu iletime konu ki\u015fisel verilerinizin, yurt d\u0131\u015f\u0131na aktar\u0131lm\u0131\u015f say\u0131ld\u0131\u011f\u0131n\u0131n kabul edildi\u011fi hususu da dikkate al\u0131nmal\u0131d\u0131r.<\/p><p><b>6. KVKK KAPSAMINDA SAH\u0130P OLDU\u011eUNUZ HAKLAR<span class=\"Apple-converted-space\">\u00a0<\/span><\/b><\/p><p>KVKK\u2019nun 11. maddesi uyar\u0131nca ki\u015fisel verilerinize ili\u015fkin olarak a\u015fa\u011f\u0131daki haklara sahipsiniz:<span class=\"Apple-converted-space\">\u00a0<\/span><\/p><p>a) Ki\u015fisel verilerinizin i\u015flenip i\u015flenmedi\u011fini \u00f6\u011frenme,<span class=\"Apple-converted-space\">\u00a0<\/span><\/p><p>b) Ki\u015fisel verileriniz i\u015flenmi\u015fse buna ili\u015fkin bilgi talep etme,<span class=\"Apple-converted-space\">\u00a0<\/span><\/p><p>c) Ki\u015fisel verilerinizin i\u015flenme amac\u0131n\u0131 ve bunlar\u0131n amac\u0131na uygun kullan\u0131l\u0131p kullan\u0131lmad\u0131\u011f\u0131n\u0131 \u00f6\u011frenme,<span class=\"Apple-converted-space\">\u00a0<\/span><\/p><p>\u00e7) Yurt i\u00e7inde veya yurt d\u0131\u015f\u0131nda ki\u015fisel verilerinizin aktar\u0131ld\u0131\u011f\u0131 \u00fc\u00e7\u00fcnc\u00fc ki\u015fileri bilme,<span class=\"Apple-converted-space\">\u00a0<\/span><\/p><p>d) Ki\u015fisel verilerinizin eksik veya yanl\u0131\u015f i\u015flenmi\u015f olmas\u0131 h\u00e2linde bunlar\u0131n d\u00fczeltilmesini isteme,<\/p><p>e) KVKK\u2019nun 7 nci maddesi uyar\u0131nca, yasal \u015fekilde i\u015flenmi\u015f bulunan ki\u015fisel verilerinizin i\u015flenmesini gerektiren sebeplerin ortadan kalkmas\u0131 h\u00e2linde silinmesini veya yok edilmesini isteme,<span class=\"Apple-converted-space\">\u00a0<\/span><\/p><p>f) (d) ve (e) bentleri gere\u011fi yap\u0131lan i\u015flemlerin, verilerinizin aktar\u0131ld\u0131\u011f\u0131 \u00fc\u00e7\u00fcnc\u00fc ki\u015filere bildirilmesini isteme,<span class=\"Apple-converted-space\">\u00a0<\/span><\/p><p>g) \u0130\u015flenen verilerinizin m\u00fcnhas\u0131ran otomatik sistemler vas\u0131tas\u0131yla analiz edilmesi suretiyle aleyhinize bir sonucun ortaya \u00e7\u0131kmas\u0131na itiraz etme,<span class=\"Apple-converted-space\">\u00a0<\/span><\/p><p>\u011f) Ki\u015fisel verilerinizin kanuna ayk\u0131r\u0131 olarak i\u015flenmesi sebebiyle zarara u\u011framan\u0131z h\u00e2linde zarar\u0131n giderilmesini talep etme.<\/p><p>h) Ki\u015fisel verilerinizin i\u015flenmesine ili\u015fkin r\u0131za beyan\u0131n\u0131z\u0131 ve taraf\u0131n\u0131za elektronik ticari ileti g\u00f6nderilmesine ili\u015fkin verdi\u011finiz onay\u0131n\u0131z\u0131 istedi\u011finiz her an hi\u00e7bir sebep g\u00f6stermeksizin geri alma.<\/p><p><b>7. HAKLARINIZ KAPSAMINDA \u015e\u0130RKET\u0130M\u0130ZE BA\u015eVURU YOLLARI<span class=\"Apple-converted-space\">\u00a0<\/span><\/b><\/p><p>Yukar\u0131da belirtilen haklar\u0131n\u0131z\u0131n kullan\u0131lmas\u0131 kapsam\u0131ndaki taleplerinizi, \u201cVeri Sorumlusuna Ba\u015fvuru Usul ve Esaslar\u0131 Hakk\u0131nda Tebli\u011fe\u201d g\u00f6re www.most-amazing-places.com sayfas\u0131nda yer alan \u201c\u0130lgili Ki\u015fi Ba\u015fvuru Formu\u201dnu doldurmak suretiyle belirtilen ba\u015fvuru y\u00f6ntemleri ile \u015eirketimizin \u201cG\u00fcm\u00fc\u015fsuyu Mah. \u0130n\u00f6n\u00fc Cad. Melek Apt. No: 11\/2 Beyo\u011flu\/\u0130STANBUL\u201d adresine \u015fahsen ba\u015fvurarak kimlik tevsikiyle veya Noter vas\u0131tas\u0131yla yaz\u0131l\u0131 olarak ya da kay\u0131tl\u0131\/g\u00fcvenli elektronik posta adresi olan mostamazing@hs01.kep.tr (KEP adresi) \u00fczerinden veya sistemlerimizde kay\u0131tl\u0131 elektronik posta adresiniz ile kvkk.map@most-amazing-places.com adresine e-posta olarak iletebilirsiniz.<\/p><p>Talebinizin niteli\u011fine g\u00f6re m\u00fcmk\u00fcn olan en k\u0131sa s\u00fcrede ve en ge\u00e7 otuz g\u00fcn i\u00e7inde ba\u015fvurular\u0131n\u0131z \u00fccretsiz olarak sonu\u00e7land\u0131r\u0131lacakt\u0131r; ancak i\u015flemin ayr\u0131ca bir maliyet gerektirmesi halinde Ki\u015fisel Verileri Koruma Kurulu taraf\u0131ndan belirlenecek tarifeye g\u00f6re taraf\u0131n\u0131zdan \u00fccret talep edilebilecektir.<\/p>\t\t\t\t\t\t\t\t<\/div>\n\t\t\t\t<\/div>\n\t\t\t\t\t<\/div>\n\t\t\t\t<\/div>\n\t\t\t\t<\/div>\n\t\t","protected":false},"excerpt":{"rendered":"<p>MOST AMAZING PLACES TANITIM VE T\u0130CARET ANON\u0130M \u015e\u0130RKET\u0130 M\u00dc\u015eTER\u0130 K\u0130\u015e\u0130SEL VER\u0130 AYDINLATMA METN\u0130 Bu ayd\u0131nlatma metni, 6698 say\u0131l\u0131 Ki\u015fisel Verilerin Korunmas\u0131 Kanunu (\u201cKVKK\u201d)\u2019nun 10. Maddesi ve ilgili di\u011fer mevzuat h\u00fck\u00fcmleri gere\u011fince; veri sorumlusu s\u0131fat\u0131yla MOST AMAZING PLACES TANITIM VE T\u0130CARET ANON\u0130M \u015e\u0130RKET\u0130 (\u201c\u015eirket\u201d) taraf\u0131ndan haz\u0131rlanm\u0131\u015ft\u0131r. \u015eirketimizin faaliyetleri kapsam\u0131nda, m\u00fc\u015fteri s\u0131fat\u0131n\u0131za dair toplanmas\u0131 gerekli bulunan ki\u015fisel [&hellip;]<\/p>\n","protected":false},"author":9,"featured_media":0,"parent":0,"menu_order":0,"comment_status":"closed","ping_status":"closed","template":"elementor_canvas","meta":{"footnotes":""},"categories":[],"tags":[],"class_list":["post-3303","page","type-page","status-publish","hentry"],"_links":{"self":[{"href":"https:\/\/most-amazing-places.com\/tr\/wp-json\/wp\/v2\/pages\/3303","targetHints":{"allow":["GET"]}}],"collection":[{"href":"https:\/\/most-amazing-places.com\/tr\/wp-json\/wp\/v2\/pages"}],"about":[{"href":"https:\/\/most-amazing-places.com\/tr\/wp-json\/wp\/v2\/types\/page"}],"author":[{"embeddable":true,"href":"https:\/\/most-amazing-places.com\/tr\/wp-json\/wp\/v2\/users\/9"}],"replies":[{"embeddable":true,"href":"https:\/\/most-amazing-places.com\/tr\/wp-json\/wp\/v2\/comments?post=3303"}],"version-history":[{"count":19,"href":"https:\/\/most-amazing-places.com\/tr\/wp-json\/wp\/v2\/pages\/3303\/revisions"}],"predecessor-version":[{"id":15191,"href":"https:\/\/most-amazing-places.com\/tr\/wp-json\/wp\/v2\/pages\/3303\/revisions\/15191"}],"wp:attachment":[{"href":"https:\/\/most-amazing-places.com\/tr\/wp-json\/wp\/v2\/media?parent=3303"}],"wp:term":[{"taxonomy":"category","embeddable":true,"href":"https:\/\/most-amazing-places.com\/tr\/wp-json\/wp\/v2\/categories?post=3303"},{"taxonomy":"post_tag","embeddable":true,"href":"https:\/\/most-amazing-places.com\/tr\/wp-json\/wp\/v2\/tags?post=3303"}],"curies":[{"name":"wp","href":"https:\/\/api.w.org\/{rel}","templated":true}]}}