{"id":3392,"date":"2024-09-19T08:53:26","date_gmt":"2024-09-19T08:53:26","guid":{"rendered":"https:\/\/most-amazing-places.com\/?page_id=3392"},"modified":"2026-01-27T13:01:46","modified_gmt":"2026-01-27T13:01:46","slug":"internet-sitesi-cerez-aydinlatma-metni","status":"publish","type":"page","link":"https:\/\/most-amazing-places.com\/tr\/internet-sitesi-cerez-aydinlatma-metni\/","title":{"rendered":"Website Cookie Clarification Text TR"},"content":{"rendered":"\t\t<div data-elementor-type=\"wp-page\" data-elementor-id=\"3392\" class=\"elementor elementor-3392\">\n\t\t\t\t<div class=\"elementor-element elementor-element-5210322 e-flex e-con-boxed e-con e-parent\" data-id=\"5210322\" data-element_type=\"container\" data-e-type=\"container\">\n\t\t\t\t\t<div class=\"e-con-inner\">\n\t\t\t\t<div class=\"elementor-element elementor-element-b9a654d elementor-widget elementor-widget-text-editor\" data-id=\"b9a654d\" data-element_type=\"widget\" data-e-type=\"widget\" data-widget_type=\"text-editor.default\">\n\t\t\t\t<div class=\"elementor-widget-container\">\n\t\t\t\t\t\t\t\t\t<h1 style=\"text-align: center;\"><b>MOST AMAZING PLACES TANITIM VE T\u0130CARET ANON\u0130M \u015e\u0130RKET\u0130<span class=\"Apple-converted-space\">\u00a0<\/span><\/b><\/h1><h2 style=\"text-align: center;\"><b>\u00c7EREZLERE DA\u0130R AYDINLATMA METN\u0130<\/b><\/h2><p>Bu metin, 6698 say\u0131l\u0131 Ki\u015fisel Verilerin Korunmas\u0131 Kanunu\u2019nun (KVKK) 10\u2019uncu maddesi ile Ayd\u0131nlatma Y\u00fck\u00fcml\u00fcl\u00fc\u011f\u00fcn\u00fcn Yerine Getirilmesinde Uyulacak Usul ve Esaslar Hakk\u0131nda Tebli\u011f kapsam\u0131nda veri sorumlusu s\u0131fat\u0131yla MOST AMAZING PLACES TANITIM VE T\u0130CARET ANON\u0130M \u015e\u0130RKET\u0130<b> <\/b>(\u201c\u015eirket\u201d) taraf\u0131ndan haz\u0131rlanm\u0131\u015ft\u0131r.<\/p><p><b>1. AMA\u00c7<\/b><\/p><p>Bu \u00c7erez Ayd\u0131nlatma Metni\u2019nin amac\u0131, internet sitemizde kullan\u0131lan \u00e7erezlerin cihaz\u0131n\u0131za yerle\u015ftirilmesi arac\u0131l\u0131\u011f\u0131yla otomatik yolla elde edilen ki\u015fisel verilerin i\u015flenmesine ili\u015fkin olarak, hangi ama\u00e7larla hangi t\u00fcr \u00e7erezleri kulland\u0131\u011f\u0131m\u0131z, hukuki sebebi ve haklar\u0131n\u0131z hakk\u0131nda sizlere bilgi vermektir. B\u00f6ylece hem 6698 say\u0131l\u0131 Ki\u015fisel Verilerin Korunmas\u0131 Kanunu\u2019nun (KVKK) 10\u2019uncu maddesi ile Ayd\u0131nlatma Y\u00fck\u00fcml\u00fcl\u00fc\u011f\u00fcn\u00fcn Yerine Getirilmesinde Uyulacak Usul ve Esaslar Hakk\u0131nda Tebli\u011fi a\u00e7\u0131s\u0131ndan hem de Avrupa Birli\u011fi Genel Veri Koruma T\u00fcz\u00fc\u011f\u00fc (EU General Data Protection Regulation: \u201cGDPR\u201d) uyar\u0131nca da gizlilik tercihlerinizi y\u00f6netmenize imk\u00e2n sa\u011flamakt\u0131r.<span class=\"Apple-converted-space\">\u00a0<\/span><\/p><p><b>2. \u00c7EREZ TANIMI, KULLANIM AMACI ve \u00c7EREZLER ARACILI\u011eI \u0130LE \u0130\u015eLENEN VER\u0130LER<\/b><\/p><p>\u00c7erez, bir internet sitesini ziyaret etti\u011finizde sitenin bilgisayar\u0131n\u0131za veya mobil cihaz\u0131n\u0131za kaydetti\u011fi k\u00fc\u00e7\u00fck boyutlu bir metin dosyas\u0131d\u0131r. Bu dosyalar, internet sitesini her ziyaret etti\u011finizde cihaz\u0131n\u0131z\u0131 alg\u0131lamay\u0131 m\u00fcmk\u00fcn k\u0131lar ve b\u00f6ylece web sitesinde gezinmenizi ve kaynaklar\u0131n\u0131 kullanman\u0131z\u0131 sa\u011flar. \u00c7erez kullan\u0131m\u0131n\u0131n temel amac\u0131, bir internet sitesinin d\u00fczg\u00fcn bir \u015fekilde \u00e7al\u0131\u015fmas\u0131, kullan\u0131c\u0131 deneyiminin iyile\u015ftirilmesi, sitenin geli\u015ftirilmesi ve kullan\u0131c\u0131n\u0131n ilgisini \u00e7ekmeyecek gereksiz reklam g\u00f6sterimine engel olarak ilgiye dayal\u0131 daha uygun reklam sunulmas\u0131 gibi i\u015flevleri sa\u011flar.<span class=\"Apple-converted-space\">\u00a0<\/span><\/p><p><span class=\"Apple-converted-space\">\u00a0<\/span>\u00c7erez teknolojisi arac\u0131l\u0131\u011f\u0131yla Site kullan\u0131c\u0131lar\u0131n\u0131n r\u0131za beyanlar\u0131 ile vermi\u015f oldu\u011fu bilgiler ile site \u00fczerinde ger\u00e7ekle\u015ftirilen tercihleri, sitede yer alan reklam banner\u2019lar\u0131na tepkileri ve IP nosu ve adresi gibi bilgilerden ibaret \u00e7erez verileri i\u015flenir.<span class=\"Apple-converted-space\">\u00a0<\/span><\/p><p>\u0130\u015fbu metin arac\u0131l\u0131\u011f\u0131 ile Web sitemizde hangi ama\u00e7larla hangi t\u00fcr \u00e7erezler kullan\u0131ld\u0131\u011f\u0131 a\u00e7\u0131klanmaktad\u0131r. MOST AMAZING PLACES TANITIM VE T\u0130CARET ANON\u0130M \u015e\u0130RKET\u0130 olarak \u00e7evrimi\u00e7i mecralar\u0131m\u0131zda kulland\u0131\u011f\u0131m\u0131z \u00e7erezleri kullanmaktan vazge\u00e7ebilir, bunlar\u0131n t\u00fcrlerini veya fonksiyonlar\u0131n\u0131 de\u011fi\u015ftirebilir veya sitemize yeni \u00e7erezler ekleyebiliriz. Bu nedenle, i\u015f bu \u201c\u00c7erez Ayd\u0131nlatma Metni\u201d h\u00fck\u00fcmlerini gerekti\u011finde de\u011fi\u015ftirme hakk\u0131n\u0131 sakl\u0131 tutar\u0131z. G\u00fcncel metin \u00fczerinde ger\u00e7ekle\u015ftirilmi\u015f olan her t\u00fcrl\u00fc de\u011fi\u015fiklik internet sitesinde yay\u0131nlanarak y\u00fcr\u00fcrl\u00fck kazan\u0131r.<span class=\"Apple-converted-space\">\u00a0<\/span><\/p><p><b>3. \u00c7EREZ \u00c7E\u015e\u0130TLER\u0130<span class=\"Apple-converted-space\">\u00a0<\/span><\/b><\/p><p><b>a) Kullan\u0131m s\u00fcresine g\u00f6re \u00e7erez \u00e7e\u015fitleri:<\/b> Oturum \u00e7erezi, oturumun s\u00fcreklili\u011finin sa\u011flanmas\u0131 amac\u0131yla kullan\u0131lmakta olup kullan\u0131c\u0131 taray\u0131c\u0131s\u0131n\u0131 kapatt\u0131\u011f\u0131nda bu \u00e7erezler de silinmektedir. Kal\u0131c\u0131 \u00e7erez ise internet taray\u0131c\u0131s\u0131 kapat\u0131ld\u0131\u011f\u0131 zaman silinmemekte ve belirli bir tarihte veya belirli bir s\u00fcre sonra kendili\u011finden silinmektedir. Bu \u00e7er\u00e7evede, internet sitemizde kullan\u0131m s\u00fcrelerine g\u00f6re oturum ve kal\u0131c\u0131 \u00e7erezler kullan\u0131lmaktad\u0131r.<\/p><p><b>b) Birinci taraf ve \u00fc\u00e7\u00fcnc\u00fc taraf \u00e7erezler:<\/b> Birinci taraf \u00e7erezler, do\u011frudan kullan\u0131c\u0131n\u0131n ziyaret etti\u011fi internet sitesi yani taray\u0131c\u0131n\u0131n adres \u00e7ubu\u011funda g\u00f6sterilen adres taraf\u0131ndan yerle\u015ftirilmektedir. \u00dc\u00e7\u00fcnc\u00fc taraf \u00e7erezlerse, kullan\u0131c\u0131n\u0131n ziyaret etti\u011fi adres d\u0131\u015f\u0131nda farkl\u0131 bir etki alan\u0131 taraf\u0131ndan yerle\u015ftirilmektedir. Bu \u00e7er\u00e7evede, internet sitemizde birinci taraf \u00e7erez kullan\u0131lmaktad\u0131r.<\/p><p><span class=\"Apple-converted-space\">\u00a0\u00a0<\/span><\/p><p><b>c) Kullan\u0131m ama\u00e7lar\u0131na g\u00f6re \u00e7erez \u00e7e\u015fitleri:<\/b> \u00c7erezler kullan\u0131m ama\u00e7lar\u0131na g\u00f6re gerekli, analitik ve reklam\/pazarlama gibi ama\u00e7larla kullan\u0131labilmektedir. Bu \u00e7er\u00e7evede, internet sitemizde analitik ve reklam\/pazarlama \u00e7erezleri a\u00e7\u0131k r\u0131zan\u0131za dayan\u0131larak kullan\u0131lmaktad\u0131r.<\/p><p><b>4. \u0130NTERNET S\u0130TEM\u0130ZDE KULLANILAN \u00c7EREZLER<\/b><b><\/b><\/p><p>\u0130nternet sitemizde yaln\u0131zca internet sitesinin do\u011fru ve etkin \u00e7al\u0131\u015fmas\u0131n\u0131 sa\u011flama amac\u0131yla kesinlikle gerekli olarak \u00fc\u00e7\u00fcnc\u00fc taraf ve oturum \u00e7erezleri ile birlikte reklam ve pazarlama i\u00e7in kesinlikle gerekli olarak birinci taraf, \u00fc\u00e7\u00fcnc\u00fc taraf ve kal\u0131c\u0131 \u00e7erezler kullan\u0131lmaktad\u0131r. Bu kapsamda;<\/p><table cellspacing=\"0\" cellpadding=\"0\"><tbody><tr><td valign=\"top\"><p><b> \u00c7erez Ad\u0131<\/b><b><\/b><\/p><\/td><td valign=\"top\"><p><b>Ama\u00e7<\/b><b><\/b><\/p><\/td><td valign=\"top\"><p><b>\u00c7erez Tipi<\/b><b><\/b><\/p><\/td><td valign=\"top\"><p><b>Saklama S\u00fcresi<\/b><b><\/b><\/p><\/td><td valign=\"top\"><p><b>A\u00e7\u0131k R\u0131za<span class=\"Apple-converted-space\">\u00a0<\/span><\/b><\/p><p><b>Gereklili\u011fi<\/b><b><\/b><\/p><\/td><td valign=\"top\"><p><b>Taraf Bilgisi<\/b><b><\/b><\/p><\/td><\/tr><tr><td valign=\"top\"><p>wp-wpml_current_language<\/p><\/td><td valign=\"top\"><p>\u00c7ok dilli eklenti ile bu \u00e7erez ziyaret\u00e7ilerin ge\u00e7erli dil\/dil ayarlar\u0131n\u0131 saklayacak \u015fekilde ayarlar.<\/p><\/td><td valign=\"top\"><p>Analitik*<\/p><\/td><td valign=\"top\"><p>Oturum s\u00fcresince<\/p><\/td><td valign=\"top\"><p>Evet<\/p><\/td><td valign=\"top\"><p>Birinci Taraf<\/p><\/td><\/tr><tr><td valign=\"top\"><p><b>_ga<\/b><b><\/b><\/p><\/td><td valign=\"top\"><p>Ziyaret\u00e7ilerin web sitesi kullan\u0131m\u0131n\u0131 analiz etmek i\u00e7in kullan\u0131l\u0131r<b>.<\/b><\/p><\/td><td valign=\"top\"><p>Analitik*<\/p><\/td><td valign=\"top\"><p>180 g\u00fcn<\/p><\/td><td valign=\"top\"><p>Evet<\/p><\/td><td valign=\"top\"><p>Birinci Taraf<\/p><\/td><\/tr><tr><td valign=\"top\"><p><b>Borlabs-cookie<\/b><b><\/b><\/p><\/td><td valign=\"top\"><p>\u00c7erez tercihlerinizi ve vermi\u015f oldu\u011funuz onaylar\u0131 saklamak i\u00e7in kullan\u0131l\u0131r<\/p><\/td><td valign=\"top\"><p>Zorunlu<\/p><\/td><td valign=\"top\"><p>6 ay<\/p><\/td><td valign=\"top\"><p>Hay\u0131r<\/p><\/td><td valign=\"top\"><p>Birinci Taraf<\/p><\/td><\/tr><tr><td valign=\"top\"><p><b>_ga_<\/b><b><\/b><\/p><\/td><td valign=\"top\"><p>Ziyaret\u00e7ilerin istatistik ama\u00e7l\u0131 sayfa g\u00f6r\u00fcnt\u00fclemelerini saklamak ve saymak i\u00e7in kullan\u0131l\u0131r .<\/p><\/td><td valign=\"top\"><p>Analitik*<\/p><\/td><td valign=\"top\"><p>1 y\u0131l<\/p><\/td><td valign=\"top\"><p>Evet<\/p><\/td><td valign=\"top\"><p>Birinci Taraf<\/p><\/td><\/tr><\/tbody><\/table><p>IP bilgilerinizle ili\u015fkilendirmek suretiyle ki\u015fisel verileriniz i\u015flenmektedir. S\u00f6z konusu ki\u015fisel verileriniz ba\u015fka veri sorumlular\u0131na aktar\u0131lmamaktad\u0131r. Ancak analitik \u00e7erezler ve reklam\/pazarlama \u00e7erezlerine dair tercihlerinizin \u00fc\u00e7\u00fcnc\u00fc ki\u015filer taraf\u0131ndan fonksiyonel olarak \u00e7al\u0131\u015fabilmesi i\u00e7in a\u00e7\u0131k r\u0131zan\u0131z aranmaktad\u0131r.<\/p><p><b>5. \u00c7EREZLER YOLUYLA K\u0130\u015e\u0130SEL VER\u0130 \u0130\u015eLEMEM\u0130Z\u0130N HUKUK\u0130 SEBEB\u0130<\/b><\/p><p>S\u00f6z konusu \u00e7erezler yoluyla ki\u015fisel verilerin i\u015flenmesinde 6698 say\u0131l\u0131 Ki\u015fisel Verilerin Korunmas\u0131 Kanunu\u2019nun 5\u2019inci maddesinin ikinci f\u0131kras\u0131n\u0131n (f) bendi uyar\u0131nca \u201c\u0130lgili ki\u015finin temel hak ve \u00f6zg\u00fcrl\u00fcklerine zarar vermemek kayd\u0131yla veri sorumlusunun me\u015fru menfaatleri i\u00e7in veri i\u015flenmesinin zorunlu olmas\u0131\u201d i\u015fleme \u015fart\u0131na dayan\u0131lmaktad\u0131r. Ancak analitik \u00e7erezler ve reklam\/pazarlama \u00e7erezleri a\u00e7\u0131k r\u0131zan\u0131za dayanmaktad\u0131r.<\/p><p><b>6. K\u0130\u015e\u0130SEL VER\u0130LER\u0130N\u0130Z KAPSAMINDA HAKLARINIZ<span class=\"Apple-converted-space\">\u00a0<\/span><\/b><\/p><p>KVKK\u2019nun 11. maddesi uyar\u0131nca ki\u015fisel verilerinize ili\u015fkin olarak a\u015fa\u011f\u0131daki haklara sahipsiniz:<span class=\"Apple-converted-space\">\u00a0<\/span><\/p><p>a) Ki\u015fisel verilerinizin i\u015flenip i\u015flenmedi\u011fini \u00f6\u011frenme,<span class=\"Apple-converted-space\">\u00a0<\/span><\/p><p>b) Ki\u015fisel verileriniz i\u015flenmi\u015fse buna ili\u015fkin bilgi talep etme,<span class=\"Apple-converted-space\">\u00a0<\/span><\/p><p>c) Ki\u015fisel verilerinizin i\u015flenme amac\u0131n\u0131 ve bunlar\u0131n amac\u0131na uygun kullan\u0131l\u0131p kullan\u0131lmad\u0131\u011f\u0131n\u0131 \u00f6\u011frenme,<span class=\"Apple-converted-space\">\u00a0<\/span><\/p><p>\u00e7) Yurt i\u00e7inde veya yurt d\u0131\u015f\u0131nda ki\u015fisel verilerinizin aktar\u0131ld\u0131\u011f\u0131 \u00fc\u00e7\u00fcnc\u00fc ki\u015fileri bilme,<span class=\"Apple-converted-space\">\u00a0<\/span><\/p><p>d) Ki\u015fisel verilerinizin eksik veya yanl\u0131\u015f i\u015flenmi\u015f olmas\u0131 h\u00e2linde bunlar\u0131n d\u00fczeltilmesini isteme,<\/p><p>e) KVKK\u2019nun 7 nci maddesi uyar\u0131nca, yasal \u015fekilde i\u015flenmi\u015f bulunan ki\u015fisel verilerinizin i\u015flenmesini gerektiren sebeplerin ortadan kalkmas\u0131 h\u00e2linde silinmesini veya yok edilmesini isteme,<span class=\"Apple-converted-space\">\u00a0<\/span><\/p><p>f) (d) ve (e) bentleri gere\u011fi yap\u0131lan i\u015flemlerin, verilerinizin aktar\u0131ld\u0131\u011f\u0131 \u00fc\u00e7\u00fcnc\u00fc ki\u015filere bildirilmesini isteme,<span class=\"Apple-converted-space\">\u00a0<\/span><\/p><p>g) \u0130\u015flenen verilerinizin m\u00fcnhas\u0131ran otomatik sistemler vas\u0131tas\u0131yla analiz edilmesi suretiyle aleyhinize bir sonucun ortaya \u00e7\u0131kmas\u0131na itiraz etme,<span class=\"Apple-converted-space\">\u00a0<\/span><\/p><p>\u011f) Ki\u015fisel verilerinizin kanuna ayk\u0131r\u0131 olarak i\u015flenmesi sebebiyle zarara u\u011framan\u0131z h\u00e2linde zarar\u0131n giderilmesini talep etme.<\/p><p>h) Ki\u015fisel verilerinizin i\u015flenmesine ili\u015fkin r\u0131za beyan\u0131n\u0131z\u0131 ve taraf\u0131n\u0131za elektronik ticari ileti g\u00f6nderilmesine ili\u015fkin verdi\u011finiz onay\u0131n\u0131z\u0131 istedi\u011finiz her an hi\u00e7bir sebep g\u00f6stermeksizin geri alma.<\/p><p><b>8. HAKLARINIZ KAPSAMINDA \u015e\u0130RKET\u0130M\u0130ZE BA\u015eVURU YOLLARI<span class=\"Apple-converted-space\">\u00a0<\/span><\/b><\/p><p>KVKK\u2019nun \u201c\u0130lgili ki\u015finin haklar\u0131n\u0131 d\u00fczenleyen\u201d 11\u2019inci maddesi kapsam\u0131ndaki taleplerinizi, Veri Sorumlusuna Ba\u015fvuru Usul ve Esaslar\u0131 Hakk\u0131nda Tebli\u011fe g\u00f6re www.most-amazing-places.com sayfas\u0131nda yer alan \u201c\u0130lgili Ki\u015fi Ba\u015fvuru Formu\u201dnu doldurmak suretiyle belirtilen ba\u015fvuru y\u00f6ntemleri ile \u015eirketimizin \u201cG\u00fcm\u00fc\u015fsuyu Mah. \u0130n\u00f6n\u00fc Cad. Melek Apt. No: 11\/2 Beyo\u011flu\/\u0130STANBUL\u201d adresine \u015fahsen ba\u015fvurarak kimlik tevsikiyle veya Noter vas\u0131tas\u0131yla yaz\u0131l\u0131 olarak ya da kay\u0131tl\u0131\/g\u00fcvenli elektronik posta adresi olan mostamazing@hs01.kep.tr (KEP adresi) \u00fczerinden veya sistemlerimizde kay\u0131tl\u0131 elektronik posta adresiniz ile kvkk.map@most-amazing-places.com adresine e-posta olarak iletebilirsiniz.<\/p>\t\t\t\t\t\t\t\t<\/div>\n\t\t\t\t<\/div>\n\t\t\t\t\t<\/div>\n\t\t\t\t<\/div>\n\t\t\t\t<\/div>\n\t\t","protected":false},"excerpt":{"rendered":"<p>MOST AMAZING PLACES TANITIM VE T\u0130CARET ANON\u0130M \u015e\u0130RKET\u0130\u00a0 \u00c7EREZLERE DA\u0130R AYDINLATMA METN\u0130 Bu metin, 6698 say\u0131l\u0131 Ki\u015fisel Verilerin Korunmas\u0131 Kanunu\u2019nun (KVKK) 10\u2019uncu maddesi ile Ayd\u0131nlatma Y\u00fck\u00fcml\u00fcl\u00fc\u011f\u00fcn\u00fcn Yerine Getirilmesinde Uyulacak Usul ve Esaslar Hakk\u0131nda Tebli\u011f kapsam\u0131nda veri sorumlusu s\u0131fat\u0131yla MOST AMAZING PLACES TANITIM VE T\u0130CARET ANON\u0130M \u015e\u0130RKET\u0130 (\u201c\u015eirket\u201d) taraf\u0131ndan haz\u0131rlanm\u0131\u015ft\u0131r. 1. AMA\u00c7 Bu \u00c7erez Ayd\u0131nlatma Metni\u2019nin [&hellip;]<\/p>\n","protected":false},"author":9,"featured_media":0,"parent":0,"menu_order":0,"comment_status":"closed","ping_status":"closed","template":"elementor_canvas","meta":{"footnotes":""},"categories":[],"tags":[],"class_list":["post-3392","page","type-page","status-publish","hentry"],"_links":{"self":[{"href":"https:\/\/most-amazing-places.com\/tr\/wp-json\/wp\/v2\/pages\/3392","targetHints":{"allow":["GET"]}}],"collection":[{"href":"https:\/\/most-amazing-places.com\/tr\/wp-json\/wp\/v2\/pages"}],"about":[{"href":"https:\/\/most-amazing-places.com\/tr\/wp-json\/wp\/v2\/types\/page"}],"author":[{"embeddable":true,"href":"https:\/\/most-amazing-places.com\/tr\/wp-json\/wp\/v2\/users\/9"}],"replies":[{"embeddable":true,"href":"https:\/\/most-amazing-places.com\/tr\/wp-json\/wp\/v2\/comments?post=3392"}],"version-history":[{"count":17,"href":"https:\/\/most-amazing-places.com\/tr\/wp-json\/wp\/v2\/pages\/3392\/revisions"}],"predecessor-version":[{"id":15219,"href":"https:\/\/most-amazing-places.com\/tr\/wp-json\/wp\/v2\/pages\/3392\/revisions\/15219"}],"wp:attachment":[{"href":"https:\/\/most-amazing-places.com\/tr\/wp-json\/wp\/v2\/media?parent=3392"}],"wp:term":[{"taxonomy":"category","embeddable":true,"href":"https:\/\/most-amazing-places.com\/tr\/wp-json\/wp\/v2\/categories?post=3392"},{"taxonomy":"post_tag","embeddable":true,"href":"https:\/\/most-amazing-places.com\/tr\/wp-json\/wp\/v2\/tags?post=3392"}],"curies":[{"name":"wp","href":"https:\/\/api.w.org\/{rel}","templated":true}]}}